{"id":4464,"date":"2021-01-18T22:43:22","date_gmt":"2021-01-18T22:43:22","guid":{"rendered":"http:\/\/marketingsatchel.com\/?page_id=4464"},"modified":"2022-09-28T23:02:58","modified_gmt":"2022-09-28T23:02:58","slug":"ftc-disclaimer","status":"publish","type":"page","link":"https:\/\/marketingsatchel.com\/fr\/ftc-disclaimer\/","title":{"rendered":"Clause de non-responsabilit\u00e9 de la FTC"},"content":{"rendered":"<p>DIVULGATION COMPL\u00c8TE : Nous gagnons de l'argent en g\u00e9rant ce blog.<\/p>\n\n\n<p>Vous pouvez en savoir plus sur les directives de la FTC \u00e0 l'adresse suivante\u00a0<a href=\"https:\/\/www.ftc.gov\/\" target=\"_blank\" rel=\"noopener\" data-lasso-id=\"2226\">https:\/\/www.ftc.gov\/<\/a><\/p>\n\n\n<h3><strong>Nous passons en revue<\/strong><\/h3>\n\n\n<p>Marketing Satchel est heureux de vous fournir des \u00e9valuations honn\u00eates, r\u00e9fl\u00e9chies et impartiales de nombreux outils et strat\u00e9gies de marketing. Nous savons qu'il est important pour ceux qui envisagent d'essayer un nouveau produit de lire une critique impartiale. Toute commission que nous recevons n'affecte pas l'int\u00e9grit\u00e9 de notre critique. En fait, nous recommandons parfois des produits qui nous rapportent moins d'argent, voire pas du tout.<\/p>\n\n\n<h3><strong>Nous fournissons des t\u00e9moignages<\/strong><\/h3>\n\n\n<p>Parfois, nous partageons avec vous des t\u00e9moignages. Les t\u00e9moignages sont importants car ils vous aident \u00e0 comprendre les avantages des produits \u00e0 travers le regard d'une autre personne. Nous ne les fournissons que pour les produits dans lesquels nous avons pleinement confiance. Si vous d\u00e9cidez de profiter de ces avantages, nous recevrons une petite commission.<\/p>\n\n\n<h3><strong>Nous avons des liens d'affiliation<\/strong><\/h3>\n\n\n<p>Vous avez peut-\u00eatre remarqu\u00e9 sur notre site Web que nous avons parfois des liens vers d'autres sites qui vendent des produits. L\u00e0 encore, nous ne proposons que des liens vers les produits auxquels nous croyons. Lorsque nous recevons une commission d'un site affili\u00e9, cela nous aide \u00e0 couvrir les frais. En fait, nous pouvons \u00eatre en mesure de vous faire \u00e9conomiser sur ces produits en vous proposant des coupons et des offres sp\u00e9ciales.<\/p>\n\n\n<h3><strong>Nous faisons parfois des endossements<\/strong><\/h3>\n\n\n<p>Nous ne cautionnons pas les produits \u00e0 la l\u00e9g\u00e8re. Gr\u00e2ce \u00e0 nos recherches et \u00e0 notre exp\u00e9rience personnelle, nous ne s\u00e9lectionnons que les produits que nous sommes \u00e0 l'aise de recommander et nous testons fr\u00e9quemment les produits avant de publier nos opinions (si notre budget le permet).<\/p>\n\n\n<p>\n<script src=\"moz-extension:\/\/873d8c1b-2d10-4348-87c8-b22a27d42409\/js\/app.js\" type=\"text\/javascript\"><\/script>\n<\/p>","protected":false},"excerpt":{"rendered":"<p>FULL DISCLOSURE: We earn some money from running this blog. You can learn more about FTC guidelines\u00a0at\u00a0https:\/\/www.ftc.gov\/ We Review Marketing Satchel is stoked to provide you with honest, thoughtful, and unbiased reviews of many marketing tools and strategies. We know it\u2019s important for those considering trying a new product to read an unbiased review. Any [&hellip;]<\/p>\n","protected":false},"author":15,"featured_media":0,"parent":0,"menu_order":0,"comment_status":"closed","ping_status":"closed","template":"","meta":{"_lmt_disableupdate":"no","_lmt_disable":"","ocean_post_layout":"","ocean_both_sidebars_style":"","ocean_both_sidebars_content_width":0,"ocean_both_sidebars_sidebars_width":0,"ocean_sidebar":"0","ocean_second_sidebar":"0","ocean_disable_margins":"enable","ocean_add_body_class":"","ocean_shortcode_before_top_bar":"","ocean_shortcode_after_top_bar":"","ocean_shortcode_before_header":"","ocean_shortcode_after_header":"","ocean_has_shortcode":"","ocean_shortcode_after_title":"","ocean_shortcode_before_footer_widgets":"","ocean_shortcode_after_footer_widgets":"","ocean_shortcode_before_footer_bottom":"","ocean_shortcode_after_footer_bottom":"","ocean_display_top_bar":"default","ocean_display_header":"default","ocean_header_style":"","ocean_center_header_left_menu":"0","ocean_custom_header_template":"0","ocean_custom_logo":0,"ocean_custom_retina_logo":0,"ocean_custom_logo_max_width":0,"ocean_custom_logo_tablet_max_width":0,"ocean_custom_logo_mobile_max_width":0,"ocean_custom_logo_max_height":0,"ocean_custom_logo_tablet_max_height":0,"ocean_custom_logo_mobile_max_height":0,"ocean_header_custom_menu":"0","ocean_menu_typo_font_family":"0","ocean_menu_typo_font_subset":"","ocean_menu_typo_font_size":0,"ocean_menu_typo_font_size_tablet":0,"ocean_menu_typo_font_size_mobile":0,"ocean_menu_typo_font_size_unit":"px","ocean_menu_typo_font_weight":"","ocean_menu_typo_font_weight_tablet":"","ocean_menu_typo_font_weight_mobile":"","ocean_menu_typo_transform":"","ocean_menu_typo_transform_tablet":"","ocean_menu_typo_transform_mobile":"","ocean_menu_typo_line_height":0,"ocean_menu_typo_line_height_tablet":0,"ocean_menu_typo_line_height_mobile":0,"ocean_menu_typo_line_height_unit":"","ocean_menu_typo_spacing":0,"ocean_menu_typo_spacing_tablet":0,"ocean_menu_typo_spacing_mobile":0,"ocean_menu_typo_spacing_unit":"","ocean_menu_link_color":"","ocean_menu_link_color_hover":"","ocean_menu_link_color_active":"","ocean_menu_link_background":"","ocean_menu_link_hover_background":"","ocean_menu_link_active_background":"","ocean_menu_social_links_bg":"","ocean_menu_social_hover_links_bg":"","ocean_menu_social_links_color":"","ocean_menu_social_hover_links_color":"","ocean_disable_title":"default","ocean_disable_heading":"default","ocean_post_title":"","ocean_post_subheading":"","ocean_post_title_style":"","ocean_post_title_background_color":"","ocean_post_title_background":0,"ocean_post_title_bg_image_position":"","ocean_post_title_bg_image_attachment":"","ocean_post_title_bg_image_repeat":"","ocean_post_title_bg_image_size":"","ocean_post_title_height":0,"ocean_post_title_bg_overlay":0.5,"ocean_post_title_bg_overlay_color":"","ocean_disable_breadcrumbs":"default","ocean_breadcrumbs_color":"","ocean_breadcrumbs_separator_color":"","ocean_breadcrumbs_links_color":"","ocean_breadcrumbs_links_hover_color":"","ocean_display_footer_widgets":"default","ocean_display_footer_bottom":"default","ocean_custom_footer_template":"0","footnotes":""},"yoast_head":"<!-- This site is optimized with the Yoast SEO plugin v23.5 - https:\/\/yoast.com\/wordpress\/plugins\/seo\/ -->\n<title>FTC Disclaimer -<\/title>\n<meta name=\"robots\" content=\"index, follow, max-snippet:-1, max-image-preview:large, max-video-preview:-1\" \/>\n<link rel=\"canonical\" href=\"https:\/\/marketingsatchel.com\/fr\/ftc-disclaimer\/\" \/>\n<meta property=\"og:locale\" content=\"fr_FR\" \/>\n<meta property=\"og:type\" content=\"article\" \/>\n<meta property=\"og:title\" content=\"FTC Disclaimer -\" \/>\n<meta property=\"og:description\" content=\"FULL DISCLOSURE: We earn some money from running this blog. You can learn more about FTC guidelines\u00a0at\u00a0https:\/\/www.ftc.gov\/ We Review Marketing Satchel is stoked to provide you with honest, thoughtful, and unbiased reviews of many marketing tools and strategies. We know it\u2019s important for those considering trying a new product to read an unbiased review. Any [&hellip;]\" \/>\n<meta property=\"og:url\" content=\"https:\/\/marketingsatchel.com\/fr\/ftc-disclaimer\/\" \/>\n<meta property=\"article:modified_time\" content=\"2022-09-28T23:02:58+00:00\" \/>\n<meta name=\"twitter:card\" content=\"summary_large_image\" \/>\n<meta name=\"twitter:label1\" content=\"Dur\u00e9e de lecture estim\u00e9e\" \/>\n\t<meta name=\"twitter:data1\" content=\"1 minute\" \/>\n<script type=\"application\/ld+json\" class=\"yoast-schema-graph\">{\"@context\":\"https:\/\/schema.org\",\"@graph\":[{\"@type\":\"WebPage\",\"@id\":\"https:\/\/marketingsatchel.com\/ftc-disclaimer\/\",\"url\":\"https:\/\/marketingsatchel.com\/ftc-disclaimer\/\",\"name\":\"FTC Disclaimer -\",\"isPartOf\":{\"@id\":\"https:\/\/marketingsatchel.com\/#website\"},\"datePublished\":\"2021-01-18T22:43:22+00:00\",\"dateModified\":\"2022-09-28T23:02:58+00:00\",\"breadcrumb\":{\"@id\":\"https:\/\/marketingsatchel.com\/ftc-disclaimer\/#breadcrumb\"},\"inLanguage\":\"fr-FR\",\"potentialAction\":[{\"@type\":\"ReadAction\",\"target\":[\"https:\/\/marketingsatchel.com\/ftc-disclaimer\/\"]}]},{\"@type\":\"BreadcrumbList\",\"@id\":\"https:\/\/marketingsatchel.com\/ftc-disclaimer\/#breadcrumb\",\"itemListElement\":[{\"@type\":\"ListItem\",\"position\":1,\"name\":\"Home\",\"item\":\"https:\/\/marketingsatchel.com\/\"},{\"@type\":\"ListItem\",\"position\":2,\"name\":\"FTC Disclaimer\"}]},{\"@type\":\"WebSite\",\"@id\":\"https:\/\/marketingsatchel.com\/#website\",\"url\":\"https:\/\/marketingsatchel.com\/\",\"name\":\"\",\"description\":\"\",\"potentialAction\":[{\"@type\":\"SearchAction\",\"target\":{\"@type\":\"EntryPoint\",\"urlTemplate\":\"https:\/\/marketingsatchel.com\/?s={search_term_string}\"},\"query-input\":{\"@type\":\"PropertyValueSpecification\",\"valueRequired\":true,\"valueName\":\"search_term_string\"}}],\"inLanguage\":\"fr-FR\"}]}<\/script>\n<!-- \/ Yoast SEO plugin. -->","yoast_head_json":{"title":"Clause de non-responsabilit\u00e9 de la FTC -","robots":{"index":"index","follow":"follow","max-snippet":"max-snippet:-1","max-image-preview":"max-image-preview:large","max-video-preview":"max-video-preview:-1"},"canonical":"https:\/\/marketingsatchel.com\/fr\/ftc-disclaimer\/","og_locale":"fr_FR","og_type":"article","og_title":"FTC Disclaimer -","og_description":"FULL DISCLOSURE: We earn some money from running this blog. You can learn more about FTC guidelines\u00a0at\u00a0https:\/\/www.ftc.gov\/ We Review Marketing Satchel is stoked to provide you with honest, thoughtful, and unbiased reviews of many marketing tools and strategies. We know it\u2019s important for those considering trying a new product to read an unbiased review. Any [&hellip;]","og_url":"https:\/\/marketingsatchel.com\/fr\/ftc-disclaimer\/","article_modified_time":"2022-09-28T23:02:58+00:00","twitter_card":"summary_large_image","twitter_misc":{"Dur\u00e9e de lecture estim\u00e9e":"1 minute"},"schema":{"@context":"https:\/\/schema.org","@graph":[{"@type":"WebPage","@id":"https:\/\/marketingsatchel.com\/ftc-disclaimer\/","url":"https:\/\/marketingsatchel.com\/ftc-disclaimer\/","name":"Clause de non-responsabilit\u00e9 de la FTC -","isPartOf":{"@id":"https:\/\/marketingsatchel.com\/#website"},"datePublished":"2021-01-18T22:43:22+00:00","dateModified":"2022-09-28T23:02:58+00:00","breadcrumb":{"@id":"https:\/\/marketingsatchel.com\/ftc-disclaimer\/#breadcrumb"},"inLanguage":"fr-FR","potentialAction":[{"@type":"ReadAction","target":["https:\/\/marketingsatchel.com\/ftc-disclaimer\/"]}]},{"@type":"BreadcrumbList","@id":"https:\/\/marketingsatchel.com\/ftc-disclaimer\/#breadcrumb","itemListElement":[{"@type":"ListItem","position":1,"name":"Home","item":"https:\/\/marketingsatchel.com\/"},{"@type":"ListItem","position":2,"name":"FTC Disclaimer"}]},{"@type":"WebSite","@id":"https:\/\/marketingsatchel.com\/#website","url":"https:\/\/marketingsatchel.com\/","name":"","description":"","potentialAction":[{"@type":"SearchAction","target":{"@type":"EntryPoint","urlTemplate":"https:\/\/marketingsatchel.com\/?s={search_term_string}"},"query-input":{"@type":"PropertyValueSpecification","valueRequired":true,"valueName":"search_term_string"}}],"inLanguage":"fr-FR"}]}},"_links":{"self":[{"href":"https:\/\/marketingsatchel.com\/fr\/wp-json\/wp\/v2\/pages\/4464"}],"collection":[{"href":"https:\/\/marketingsatchel.com\/fr\/wp-json\/wp\/v2\/pages"}],"about":[{"href":"https:\/\/marketingsatchel.com\/fr\/wp-json\/wp\/v2\/types\/page"}],"author":[{"embeddable":true,"href":"https:\/\/marketingsatchel.com\/fr\/wp-json\/wp\/v2\/users\/15"}],"replies":[{"embeddable":true,"href":"https:\/\/marketingsatchel.com\/fr\/wp-json\/wp\/v2\/comments?post=4464"}],"version-history":[{"count":4,"href":"https:\/\/marketingsatchel.com\/fr\/wp-json\/wp\/v2\/pages\/4464\/revisions"}],"predecessor-version":[{"id":4987,"href":"https:\/\/marketingsatchel.com\/fr\/wp-json\/wp\/v2\/pages\/4464\/revisions\/4987"}],"wp:attachment":[{"href":"https:\/\/marketingsatchel.com\/fr\/wp-json\/wp\/v2\/media?parent=4464"}],"curies":[{"name":"wp","href":"https:\/\/api.w.org\/{rel}","templated":true}]}}