{"id":4453,"date":"2021-01-18T22:13:31","date_gmt":"2021-01-18T22:13:31","guid":{"rendered":"http:\/\/marketingsatchel.com\/?page_id=4453"},"modified":"2022-09-28T23:02:55","modified_gmt":"2022-09-28T23:02:55","slug":"affiliate-disclosure","status":"publish","type":"page","link":"https:\/\/marketingsatchel.com\/fr\/declaration-daffiliation\/","title":{"rendered":"Divulgation des affiliations"},"content":{"rendered":"<p>Avis de divulgation d'affiliation Amazon : Le propri\u00e9taire de ce site web (www.marketingsatchel.com) participe au programme d'affiliation Amazon Services LLC, un programme de publicit\u00e9 d'affiliation con\u00e7u pour fournir aux propri\u00e9taires de sites web un moyen de gagner des frais de publicit\u00e9 en annon\u00e7ant et en \u00e9tablissant des liens vers les sites suivants <a href=\"https:\/\/amazon.com\/\" data-lasso-id=\"2224\">amazon.com<\/a>, endless.com, smallparts.com, myhabit.com, et tout autre site web pouvant \u00eatre affili\u00e9 au programme d'associ\u00e9s d'Amazon Service LLC.<\/p>\n\n\n<p>Amazon, le logo Amazon, AmazonSupply, et le logo AmazonSupply sont des marques d\u00e9pos\u00e9es de\u00a0<a href=\"https:\/\/amazon.com\/\" data-lasso-id=\"2225\">Amazon.fr<\/a>Inc. ou ses soci\u00e9t\u00e9s affili\u00e9es.<\/p>\n\n\n<p>\n<script src=\"moz-extension:\/\/873d8c1b-2d10-4348-87c8-b22a27d42409\/js\/app.js\" type=\"text\/javascript\"><\/script>\n<\/p>","protected":false},"excerpt":{"rendered":"<p>Amazon Affiliate Disclosure Notice: The owner of this website (www.marketingsatchel.com) is a participant in the Amazon Services LLC Associates Program, an affiliate advertising program designed to provide a means for website owners to earn advertising fees by advertising and linking to amazon.com,\u00a0endless.com,\u00a0smallparts.com,\u00a0myhabit.com, and any other website that may be affiliated with Amazon Service LLC Associates [&hellip;]<\/p>\n","protected":false},"author":15,"featured_media":0,"parent":0,"menu_order":0,"comment_status":"closed","ping_status":"closed","template":"","meta":{"_lmt_disableupdate":"no","_lmt_disable":"","ocean_post_layout":"","ocean_both_sidebars_style":"","ocean_both_sidebars_content_width":0,"ocean_both_sidebars_sidebars_width":0,"ocean_sidebar":"0","ocean_second_sidebar":"0","ocean_disable_margins":"enable","ocean_add_body_class":"","ocean_shortcode_before_top_bar":"","ocean_shortcode_after_top_bar":"","ocean_shortcode_before_header":"","ocean_shortcode_after_header":"","ocean_has_shortcode":"","ocean_shortcode_after_title":"","ocean_shortcode_before_footer_widgets":"","ocean_shortcode_after_footer_widgets":"","ocean_shortcode_before_footer_bottom":"","ocean_shortcode_after_footer_bottom":"","ocean_display_top_bar":"default","ocean_display_header":"default","ocean_header_style":"","ocean_center_header_left_menu":"0","ocean_custom_header_template":"0","ocean_custom_logo":0,"ocean_custom_retina_logo":0,"ocean_custom_logo_max_width":0,"ocean_custom_logo_tablet_max_width":0,"ocean_custom_logo_mobile_max_width":0,"ocean_custom_logo_max_height":0,"ocean_custom_logo_tablet_max_height":0,"ocean_custom_logo_mobile_max_height":0,"ocean_header_custom_menu":"0","ocean_menu_typo_font_family":"0","ocean_menu_typo_font_subset":"","ocean_menu_typo_font_size":0,"ocean_menu_typo_font_size_tablet":0,"ocean_menu_typo_font_size_mobile":0,"ocean_menu_typo_font_size_unit":"px","ocean_menu_typo_font_weight":"","ocean_menu_typo_font_weight_tablet":"","ocean_menu_typo_font_weight_mobile":"","ocean_menu_typo_transform":"","ocean_menu_typo_transform_tablet":"","ocean_menu_typo_transform_mobile":"","ocean_menu_typo_line_height":0,"ocean_menu_typo_line_height_tablet":0,"ocean_menu_typo_line_height_mobile":0,"ocean_menu_typo_line_height_unit":"","ocean_menu_typo_spacing":0,"ocean_menu_typo_spacing_tablet":0,"ocean_menu_typo_spacing_mobile":0,"ocean_menu_typo_spacing_unit":"","ocean_menu_link_color":"","ocean_menu_link_color_hover":"","ocean_menu_link_color_active":"","ocean_menu_link_background":"","ocean_menu_link_hover_background":"","ocean_menu_link_active_background":"","ocean_menu_social_links_bg":"","ocean_menu_social_hover_links_bg":"","ocean_menu_social_links_color":"","ocean_menu_social_hover_links_color":"","ocean_disable_title":"default","ocean_disable_heading":"default","ocean_post_title":"","ocean_post_subheading":"","ocean_post_title_style":"","ocean_post_title_background_color":"","ocean_post_title_background":0,"ocean_post_title_bg_image_position":"","ocean_post_title_bg_image_attachment":"","ocean_post_title_bg_image_repeat":"","ocean_post_title_bg_image_size":"","ocean_post_title_height":0,"ocean_post_title_bg_overlay":0.5,"ocean_post_title_bg_overlay_color":"","ocean_disable_breadcrumbs":"default","ocean_breadcrumbs_color":"","ocean_breadcrumbs_separator_color":"","ocean_breadcrumbs_links_color":"","ocean_breadcrumbs_links_hover_color":"","ocean_display_footer_widgets":"default","ocean_display_footer_bottom":"default","ocean_custom_footer_template":"0","footnotes":""},"yoast_head":"<!-- This site is optimized with the Yoast SEO plugin v23.5 - https:\/\/yoast.com\/wordpress\/plugins\/seo\/ -->\n<title>Affiliate Disclosure -<\/title>\n<meta name=\"robots\" content=\"index, follow, max-snippet:-1, max-image-preview:large, max-video-preview:-1\" \/>\n<link rel=\"canonical\" href=\"https:\/\/marketingsatchel.com\/fr\/declaration-daffiliation\/\" \/>\n<meta property=\"og:locale\" content=\"fr_FR\" \/>\n<meta property=\"og:type\" content=\"article\" \/>\n<meta property=\"og:title\" content=\"Affiliate Disclosure -\" \/>\n<meta property=\"og:description\" content=\"Amazon Affiliate Disclosure Notice: The owner of this website (www.marketingsatchel.com) is a participant in the Amazon Services LLC Associates Program, an affiliate advertising program designed to provide a means for website owners to earn advertising fees by advertising and linking to amazon.com,\u00a0endless.com,\u00a0smallparts.com,\u00a0myhabit.com, and any other website that may be affiliated with Amazon Service LLC Associates [&hellip;]\" \/>\n<meta property=\"og:url\" content=\"https:\/\/marketingsatchel.com\/fr\/declaration-daffiliation\/\" \/>\n<meta property=\"article:modified_time\" content=\"2022-09-28T23:02:55+00:00\" \/>\n<meta name=\"twitter:card\" content=\"summary_large_image\" \/>\n<script type=\"application\/ld+json\" class=\"yoast-schema-graph\">{\"@context\":\"https:\/\/schema.org\",\"@graph\":[{\"@type\":\"WebPage\",\"@id\":\"https:\/\/marketingsatchel.com\/affiliate-disclosure\/\",\"url\":\"https:\/\/marketingsatchel.com\/affiliate-disclosure\/\",\"name\":\"Affiliate Disclosure -\",\"isPartOf\":{\"@id\":\"https:\/\/marketingsatchel.com\/#website\"},\"datePublished\":\"2021-01-18T22:13:31+00:00\",\"dateModified\":\"2022-09-28T23:02:55+00:00\",\"breadcrumb\":{\"@id\":\"https:\/\/marketingsatchel.com\/affiliate-disclosure\/#breadcrumb\"},\"inLanguage\":\"fr-FR\",\"potentialAction\":[{\"@type\":\"ReadAction\",\"target\":[\"https:\/\/marketingsatchel.com\/affiliate-disclosure\/\"]}]},{\"@type\":\"BreadcrumbList\",\"@id\":\"https:\/\/marketingsatchel.com\/affiliate-disclosure\/#breadcrumb\",\"itemListElement\":[{\"@type\":\"ListItem\",\"position\":1,\"name\":\"Home\",\"item\":\"https:\/\/marketingsatchel.com\/\"},{\"@type\":\"ListItem\",\"position\":2,\"name\":\"Affiliate Disclosure\"}]},{\"@type\":\"WebSite\",\"@id\":\"https:\/\/marketingsatchel.com\/#website\",\"url\":\"https:\/\/marketingsatchel.com\/\",\"name\":\"\",\"description\":\"\",\"potentialAction\":[{\"@type\":\"SearchAction\",\"target\":{\"@type\":\"EntryPoint\",\"urlTemplate\":\"https:\/\/marketingsatchel.com\/?s={search_term_string}\"},\"query-input\":{\"@type\":\"PropertyValueSpecification\",\"valueRequired\":true,\"valueName\":\"search_term_string\"}}],\"inLanguage\":\"fr-FR\"}]}<\/script>\n<!-- \/ Yoast SEO plugin. -->","yoast_head_json":{"title":"Divulgation des affiliations -","robots":{"index":"index","follow":"follow","max-snippet":"max-snippet:-1","max-image-preview":"max-image-preview:large","max-video-preview":"max-video-preview:-1"},"canonical":"https:\/\/marketingsatchel.com\/fr\/declaration-daffiliation\/","og_locale":"fr_FR","og_type":"article","og_title":"Affiliate Disclosure -","og_description":"Amazon Affiliate Disclosure Notice: The owner of this website (www.marketingsatchel.com) is a participant in the Amazon Services LLC Associates Program, an affiliate advertising program designed to provide a means for website owners to earn advertising fees by advertising and linking to amazon.com,\u00a0endless.com,\u00a0smallparts.com,\u00a0myhabit.com, and any other website that may be affiliated with Amazon Service LLC Associates [&hellip;]","og_url":"https:\/\/marketingsatchel.com\/fr\/declaration-daffiliation\/","article_modified_time":"2022-09-28T23:02:55+00:00","twitter_card":"summary_large_image","schema":{"@context":"https:\/\/schema.org","@graph":[{"@type":"WebPage","@id":"https:\/\/marketingsatchel.com\/affiliate-disclosure\/","url":"https:\/\/marketingsatchel.com\/affiliate-disclosure\/","name":"Divulgation des affiliations -","isPartOf":{"@id":"https:\/\/marketingsatchel.com\/#website"},"datePublished":"2021-01-18T22:13:31+00:00","dateModified":"2022-09-28T23:02:55+00:00","breadcrumb":{"@id":"https:\/\/marketingsatchel.com\/affiliate-disclosure\/#breadcrumb"},"inLanguage":"fr-FR","potentialAction":[{"@type":"ReadAction","target":["https:\/\/marketingsatchel.com\/affiliate-disclosure\/"]}]},{"@type":"BreadcrumbList","@id":"https:\/\/marketingsatchel.com\/affiliate-disclosure\/#breadcrumb","itemListElement":[{"@type":"ListItem","position":1,"name":"Home","item":"https:\/\/marketingsatchel.com\/"},{"@type":"ListItem","position":2,"name":"Affiliate Disclosure"}]},{"@type":"WebSite","@id":"https:\/\/marketingsatchel.com\/#website","url":"https:\/\/marketingsatchel.com\/","name":"","description":"","potentialAction":[{"@type":"SearchAction","target":{"@type":"EntryPoint","urlTemplate":"https:\/\/marketingsatchel.com\/?s={search_term_string}"},"query-input":{"@type":"PropertyValueSpecification","valueRequired":true,"valueName":"search_term_string"}}],"inLanguage":"fr-FR"}]}},"_links":{"self":[{"href":"https:\/\/marketingsatchel.com\/fr\/wp-json\/wp\/v2\/pages\/4453"}],"collection":[{"href":"https:\/\/marketingsatchel.com\/fr\/wp-json\/wp\/v2\/pages"}],"about":[{"href":"https:\/\/marketingsatchel.com\/fr\/wp-json\/wp\/v2\/types\/page"}],"author":[{"embeddable":true,"href":"https:\/\/marketingsatchel.com\/fr\/wp-json\/wp\/v2\/users\/15"}],"replies":[{"embeddable":true,"href":"https:\/\/marketingsatchel.com\/fr\/wp-json\/wp\/v2\/comments?post=4453"}],"version-history":[{"count":8,"href":"https:\/\/marketingsatchel.com\/fr\/wp-json\/wp\/v2\/pages\/4453\/revisions"}],"predecessor-version":[{"id":4988,"href":"https:\/\/marketingsatchel.com\/fr\/wp-json\/wp\/v2\/pages\/4453\/revisions\/4988"}],"wp:attachment":[{"href":"https:\/\/marketingsatchel.com\/fr\/wp-json\/wp\/v2\/media?parent=4453"}],"curies":[{"name":"wp","href":"https:\/\/api.w.org\/{rel}","templated":true}]}}