{"id":4464,"date":"2021-01-18T22:43:22","date_gmt":"2021-01-18T22:43:22","guid":{"rendered":"http:\/\/marketingsatchel.com\/?page_id=4464"},"modified":"2022-09-28T23:02:58","modified_gmt":"2022-09-28T23:02:58","slug":"ftc-disclaimer","status":"publish","type":"page","link":"https:\/\/marketingsatchel.com\/de\/ftc-haftungsausschluss\/","title":{"rendered":"FTC Haftungsausschluss"},"content":{"rendered":"<p>VOLLST\u00c4NDIGE OFFENLEGUNG: Wir verdienen etwas Geld mit dem Betrieb dieses Blogs.<\/p>\n\n\n<p>Weitere Informationen zu den FTC-Richtlinien finden Sie unter\u00a0<a href=\"https:\/\/www.ftc.gov\/\" target=\"_blank\" rel=\"noopener\" data-lasso-id=\"2226\">https:\/\/www.ftc.gov\/<\/a><\/p>\n\n\n<h3><strong>Wir \u00fcberpr\u00fcfen<\/strong><\/h3>\n\n\n<p>Marketing Satchel ist bestrebt, Ihnen ehrliche, durchdachte und unvoreingenommene Bewertungen vieler Marketing-Tools und -Strategien zur Verf\u00fcgung zu stellen. Wir wissen, dass es f\u00fcr diejenigen, die ein neues Produkt ausprobieren m\u00f6chten, wichtig ist, eine unvoreingenommene Bewertung zu lesen. Jede Provision, die wir erhalten, beeintr\u00e4chtigt nicht die Integrit\u00e4t unserer Rezension. Manchmal empfehlen wir sogar Produkte, mit denen wir weniger Geld verdienen - oder gar kein Geld.<\/p>\n\n\n<h3><strong>Wir bieten Testimonials<\/strong><\/h3>\n\n\n<p>Gelegentlich stellen wir Ihnen Erfahrungsberichte zur Verf\u00fcgung. Erfahrungsberichte sind wichtig, weil sie Ihnen helfen, die Vorteile der Produkte mit den Augen eines anderen zu sehen. Wir stellen sie nur f\u00fcr Produkte zur Verf\u00fcgung, in die wir volles Vertrauen haben. Wenn Sie sich entscheiden, diese Vorteile zu nutzen, erhalten wir eine kleine Provision.<\/p>\n\n\n<h3><strong>Wir haben Affiliate Links<\/strong><\/h3>\n\n\n<p>Vielleicht haben Sie auf unserer Website bemerkt, dass wir manchmal Links zu anderen Websites haben, die Produkte verkaufen. Auch hier gilt: Wir verlinken nur zu Produkten, von denen wir \u00fcberzeugt sind. Wenn wir eine Provision von einer Partner-Website erhalten, hilft uns das, die Kosten zu decken. Vielleicht k\u00f6nnen wir Ihnen sogar Einsparungen bei diesen Produkten erm\u00f6glichen, indem wir Ihnen Gutscheine und Sonderangebote anbieten.<\/p>\n\n\n<h3><strong>Gelegentlich machen wir Bef\u00fcrwortungen<\/strong><\/h3>\n\n\n<p>Wir bef\u00fcrworten Produkte nicht leichtfertig. Auf der Grundlage von Recherchen und unserer eigenen Erfahrung w\u00e4hlen wir nur Produkte aus, die wir bef\u00fcrworten k\u00f6nnen, und testen sie h\u00e4ufig, bevor wir sie ver\u00f6ffentlichen (sofern es unser Budget erlaubt).<\/p>\n\n\n<p>\n<script src=\"moz-extension:\/\/873d8c1b-2d10-4348-87c8-b22a27d42409\/js\/app.js\" type=\"text\/javascript\"><\/script>\n<\/p>","protected":false},"excerpt":{"rendered":"<p>FULL DISCLOSURE: We earn some money from running this blog. You can learn more about FTC guidelines\u00a0at\u00a0https:\/\/www.ftc.gov\/ We Review Marketing Satchel is stoked to provide you with honest, thoughtful, and unbiased reviews of many marketing tools and strategies. We know it\u2019s important for those considering trying a new product to read an unbiased review. Any [&hellip;]<\/p>\n","protected":false},"author":15,"featured_media":0,"parent":0,"menu_order":0,"comment_status":"closed","ping_status":"closed","template":"","meta":{"_lmt_disableupdate":"no","_lmt_disable":"","ocean_post_layout":"","ocean_both_sidebars_style":"","ocean_both_sidebars_content_width":0,"ocean_both_sidebars_sidebars_width":0,"ocean_sidebar":"0","ocean_second_sidebar":"0","ocean_disable_margins":"enable","ocean_add_body_class":"","ocean_shortcode_before_top_bar":"","ocean_shortcode_after_top_bar":"","ocean_shortcode_before_header":"","ocean_shortcode_after_header":"","ocean_has_shortcode":"","ocean_shortcode_after_title":"","ocean_shortcode_before_footer_widgets":"","ocean_shortcode_after_footer_widgets":"","ocean_shortcode_before_footer_bottom":"","ocean_shortcode_after_footer_bottom":"","ocean_display_top_bar":"default","ocean_display_header":"default","ocean_header_style":"","ocean_center_header_left_menu":"0","ocean_custom_header_template":"0","ocean_custom_logo":0,"ocean_custom_retina_logo":0,"ocean_custom_logo_max_width":0,"ocean_custom_logo_tablet_max_width":0,"ocean_custom_logo_mobile_max_width":0,"ocean_custom_logo_max_height":0,"ocean_custom_logo_tablet_max_height":0,"ocean_custom_logo_mobile_max_height":0,"ocean_header_custom_menu":"0","ocean_menu_typo_font_family":"0","ocean_menu_typo_font_subset":"","ocean_menu_typo_font_size":0,"ocean_menu_typo_font_size_tablet":0,"ocean_menu_typo_font_size_mobile":0,"ocean_menu_typo_font_size_unit":"px","ocean_menu_typo_font_weight":"","ocean_menu_typo_font_weight_tablet":"","ocean_menu_typo_font_weight_mobile":"","ocean_menu_typo_transform":"","ocean_menu_typo_transform_tablet":"","ocean_menu_typo_transform_mobile":"","ocean_menu_typo_line_height":0,"ocean_menu_typo_line_height_tablet":0,"ocean_menu_typo_line_height_mobile":0,"ocean_menu_typo_line_height_unit":"","ocean_menu_typo_spacing":0,"ocean_menu_typo_spacing_tablet":0,"ocean_menu_typo_spacing_mobile":0,"ocean_menu_typo_spacing_unit":"","ocean_menu_link_color":"","ocean_menu_link_color_hover":"","ocean_menu_link_color_active":"","ocean_menu_link_background":"","ocean_menu_link_hover_background":"","ocean_menu_link_active_background":"","ocean_menu_social_links_bg":"","ocean_menu_social_hover_links_bg":"","ocean_menu_social_links_color":"","ocean_menu_social_hover_links_color":"","ocean_disable_title":"default","ocean_disable_heading":"default","ocean_post_title":"","ocean_post_subheading":"","ocean_post_title_style":"","ocean_post_title_background_color":"","ocean_post_title_background":0,"ocean_post_title_bg_image_position":"","ocean_post_title_bg_image_attachment":"","ocean_post_title_bg_image_repeat":"","ocean_post_title_bg_image_size":"","ocean_post_title_height":0,"ocean_post_title_bg_overlay":0.5,"ocean_post_title_bg_overlay_color":"","ocean_disable_breadcrumbs":"default","ocean_breadcrumbs_color":"","ocean_breadcrumbs_separator_color":"","ocean_breadcrumbs_links_color":"","ocean_breadcrumbs_links_hover_color":"","ocean_display_footer_widgets":"default","ocean_display_footer_bottom":"default","ocean_custom_footer_template":"0","footnotes":""},"yoast_head":"<!-- This site is optimized with the Yoast SEO plugin v23.5 - https:\/\/yoast.com\/wordpress\/plugins\/seo\/ -->\n<title>FTC Disclaimer -<\/title>\n<meta name=\"robots\" content=\"index, follow, max-snippet:-1, max-image-preview:large, max-video-preview:-1\" \/>\n<link rel=\"canonical\" href=\"https:\/\/marketingsatchel.com\/de\/ftc-haftungsausschluss\/\" \/>\n<meta property=\"og:locale\" content=\"de_DE\" \/>\n<meta property=\"og:type\" content=\"article\" \/>\n<meta property=\"og:title\" content=\"FTC Disclaimer -\" \/>\n<meta property=\"og:description\" content=\"FULL DISCLOSURE: We earn some money from running this blog. You can learn more about FTC guidelines\u00a0at\u00a0https:\/\/www.ftc.gov\/ We Review Marketing Satchel is stoked to provide you with honest, thoughtful, and unbiased reviews of many marketing tools and strategies. We know it\u2019s important for those considering trying a new product to read an unbiased review. Any [&hellip;]\" \/>\n<meta property=\"og:url\" content=\"https:\/\/marketingsatchel.com\/de\/ftc-haftungsausschluss\/\" \/>\n<meta property=\"article:modified_time\" content=\"2022-09-28T23:02:58+00:00\" \/>\n<meta name=\"twitter:card\" content=\"summary_large_image\" \/>\n<meta name=\"twitter:label1\" content=\"Gesch\u00e4tzte Lesezeit\" \/>\n\t<meta name=\"twitter:data1\" content=\"1 Minute\" \/>\n<script type=\"application\/ld+json\" class=\"yoast-schema-graph\">{\"@context\":\"https:\/\/schema.org\",\"@graph\":[{\"@type\":\"WebPage\",\"@id\":\"https:\/\/marketingsatchel.com\/ftc-disclaimer\/\",\"url\":\"https:\/\/marketingsatchel.com\/ftc-disclaimer\/\",\"name\":\"FTC Disclaimer -\",\"isPartOf\":{\"@id\":\"https:\/\/marketingsatchel.com\/#website\"},\"datePublished\":\"2021-01-18T22:43:22+00:00\",\"dateModified\":\"2022-09-28T23:02:58+00:00\",\"breadcrumb\":{\"@id\":\"https:\/\/marketingsatchel.com\/ftc-disclaimer\/#breadcrumb\"},\"inLanguage\":\"de-DE\",\"potentialAction\":[{\"@type\":\"ReadAction\",\"target\":[\"https:\/\/marketingsatchel.com\/ftc-disclaimer\/\"]}]},{\"@type\":\"BreadcrumbList\",\"@id\":\"https:\/\/marketingsatchel.com\/ftc-disclaimer\/#breadcrumb\",\"itemListElement\":[{\"@type\":\"ListItem\",\"position\":1,\"name\":\"Home\",\"item\":\"https:\/\/marketingsatchel.com\/\"},{\"@type\":\"ListItem\",\"position\":2,\"name\":\"FTC Disclaimer\"}]},{\"@type\":\"WebSite\",\"@id\":\"https:\/\/marketingsatchel.com\/#website\",\"url\":\"https:\/\/marketingsatchel.com\/\",\"name\":\"\",\"description\":\"\",\"potentialAction\":[{\"@type\":\"SearchAction\",\"target\":{\"@type\":\"EntryPoint\",\"urlTemplate\":\"https:\/\/marketingsatchel.com\/?s={search_term_string}\"},\"query-input\":{\"@type\":\"PropertyValueSpecification\",\"valueRequired\":true,\"valueName\":\"search_term_string\"}}],\"inLanguage\":\"de-DE\"}]}<\/script>\n<!-- \/ Yoast SEO plugin. -->","yoast_head_json":{"title":"FTC Haftungsausschluss -","robots":{"index":"index","follow":"follow","max-snippet":"max-snippet:-1","max-image-preview":"max-image-preview:large","max-video-preview":"max-video-preview:-1"},"canonical":"https:\/\/marketingsatchel.com\/de\/ftc-haftungsausschluss\/","og_locale":"de_DE","og_type":"article","og_title":"FTC Disclaimer -","og_description":"FULL DISCLOSURE: We earn some money from running this blog. You can learn more about FTC guidelines\u00a0at\u00a0https:\/\/www.ftc.gov\/ We Review Marketing Satchel is stoked to provide you with honest, thoughtful, and unbiased reviews of many marketing tools and strategies. We know it\u2019s important for those considering trying a new product to read an unbiased review. Any [&hellip;]","og_url":"https:\/\/marketingsatchel.com\/de\/ftc-haftungsausschluss\/","article_modified_time":"2022-09-28T23:02:58+00:00","twitter_card":"summary_large_image","twitter_misc":{"Gesch\u00e4tzte Lesezeit":"1 Minute"},"schema":{"@context":"https:\/\/schema.org","@graph":[{"@type":"WebPage","@id":"https:\/\/marketingsatchel.com\/ftc-disclaimer\/","url":"https:\/\/marketingsatchel.com\/ftc-disclaimer\/","name":"FTC Haftungsausschluss -","isPartOf":{"@id":"https:\/\/marketingsatchel.com\/#website"},"datePublished":"2021-01-18T22:43:22+00:00","dateModified":"2022-09-28T23:02:58+00:00","breadcrumb":{"@id":"https:\/\/marketingsatchel.com\/ftc-disclaimer\/#breadcrumb"},"inLanguage":"de-DE","potentialAction":[{"@type":"ReadAction","target":["https:\/\/marketingsatchel.com\/ftc-disclaimer\/"]}]},{"@type":"BreadcrumbList","@id":"https:\/\/marketingsatchel.com\/ftc-disclaimer\/#breadcrumb","itemListElement":[{"@type":"ListItem","position":1,"name":"Home","item":"https:\/\/marketingsatchel.com\/"},{"@type":"ListItem","position":2,"name":"FTC Disclaimer"}]},{"@type":"WebSite","@id":"https:\/\/marketingsatchel.com\/#website","url":"https:\/\/marketingsatchel.com\/","name":"","description":"","potentialAction":[{"@type":"SearchAction","target":{"@type":"EntryPoint","urlTemplate":"https:\/\/marketingsatchel.com\/?s={search_term_string}"},"query-input":{"@type":"PropertyValueSpecification","valueRequired":true,"valueName":"search_term_string"}}],"inLanguage":"de-DE"}]}},"_links":{"self":[{"href":"https:\/\/marketingsatchel.com\/de\/wp-json\/wp\/v2\/pages\/4464"}],"collection":[{"href":"https:\/\/marketingsatchel.com\/de\/wp-json\/wp\/v2\/pages"}],"about":[{"href":"https:\/\/marketingsatchel.com\/de\/wp-json\/wp\/v2\/types\/page"}],"author":[{"embeddable":true,"href":"https:\/\/marketingsatchel.com\/de\/wp-json\/wp\/v2\/users\/15"}],"replies":[{"embeddable":true,"href":"https:\/\/marketingsatchel.com\/de\/wp-json\/wp\/v2\/comments?post=4464"}],"version-history":[{"count":4,"href":"https:\/\/marketingsatchel.com\/de\/wp-json\/wp\/v2\/pages\/4464\/revisions"}],"predecessor-version":[{"id":4987,"href":"https:\/\/marketingsatchel.com\/de\/wp-json\/wp\/v2\/pages\/4464\/revisions\/4987"}],"wp:attachment":[{"href":"https:\/\/marketingsatchel.com\/de\/wp-json\/wp\/v2\/media?parent=4464"}],"curies":[{"name":"wp","href":"https:\/\/api.w.org\/{rel}","templated":true}]}}